{"id":649,"date":"2023-11-20T19:21:43","date_gmt":"2023-11-20T18:21:43","guid":{"rendered":"https:\/\/chmed.org.rs\/?post_type=product&#038;p=649"},"modified":"2023-11-20T19:26:45","modified_gmt":"2023-11-20T18:26:45","slug":"vodic-kroz-osnovne-termine-u-homeopatskoj-medicini","status":"publish","type":"product","link":"https:\/\/chmed.org.rs\/en\/proizvod\/vodic-kroz-osnovne-termine-u-homeopatskoj-medicini\/","title":{"rendered":"Vodi\u010d kroz osnovne termine u homeopatskoj medicini"},"content":{"rendered":"<div class=\"page\" title=\"Page 1\">\n<div class=\"layoutArea\">\n<div class=\"column\">\n<p>\u201eVodi\u010d kroz osnovne termine u homeopatskoj medicini\u201c\u00a0 je proizvod li\u010dnog dugogodi\u0161njeg prou\u010davanja i prakti\u010dnog upoznavanja sa principima homeopatske medicine u brojnim homeopatskim centrima \u0161irom sveta. Prof. dr Sne\u017eana Cupara je bila nadahnuta da ovaj priru\u010dnik koncipira, nakon \u0161to se li\u010dno uverila u aktuelnost validno integrisanog homeopatskog tretmana u savremeni koncept le\u010denja alopatskom medicinom. Prednosti ove metode su vi\u0161estruke: mogu\u0107nost individualnizovane (personalizovane) terapije koja se koristi i za le\u010denje i za prevenciju, bezbednost njenje upotrebe i nimalo zanemarljivi niski tro\u0161kovi le\u010denja. Standardizovana proizvodnja homeopatskog leka, dinami\u010dan razvoj postulata homeopatije kao holisti\u010dko-individualne medicine i implementacije ovog vida le\u010denja u zdravstvenu negu koju obazbe\u0111uju nacionalna i privatna osiguranja, doprineli su \u0161irokom prisustvu homeopatske medicine u svetu.<\/p>\n<\/div>\n<\/div>\n<\/div>","protected":false},"excerpt":{"rendered":"<p>\u201eVodi\u010d kroz osnovne termine u homeopatskoj medicini\u201c\u00a0 je proizvod li\u010dnog dugogodi\u0161njeg prou\u010davanja i prakti\u010dnog upoznavanja sa principima homeopatske medicine u brojnim homeopatskim centrima \u0161irom sveta. Prof. dr Sne\u017eana Cupara je bila nadahnuta da ovaj priru\u010dnik koncipira, nakon \u0161to se li\u010dno uverila u aktuelnost validno integrisanog homeopatskog tretmana u savremeni koncept le\u010denja alopatskom medicinom. Prednosti ove [&#8230;]<\/p>\n<p><a class=\"btn btn-secondary understrap-read-more-link\" href=\"https:\/\/chmed.org.rs\/en\/proizvod\/vodic-kroz-osnovne-termine-u-homeopatskoj-medicini\/\">Read More&#8230;<\/a><\/p>","protected":false},"featured_media":652,"comment_status":"closed","ping_status":"closed","template":"","meta":{"_acf_changed":false,"_exactmetrics_skip_tracking":false,"_exactmetrics_sitenote_active":false,"_exactmetrics_sitenote_note":"","_exactmetrics_sitenote_category":0},"product_brand":[],"product_cat":[18],"product_tag":[],"class_list":{"0":"post-649","1":"product","2":"type-product","3":"status-publish","4":"has-post-thumbnail","6":"product_cat-knjige","8":"first","9":"instock","10":"purchasable","11":"product-type-simple"},"acf":[],"_links":{"self":[{"href":"https:\/\/chmed.org.rs\/en\/wp-json\/wp\/v2\/product\/649","targetHints":{"allow":["GET"]}}],"collection":[{"href":"https:\/\/chmed.org.rs\/en\/wp-json\/wp\/v2\/product"}],"about":[{"href":"https:\/\/chmed.org.rs\/en\/wp-json\/wp\/v2\/types\/product"}],"replies":[{"embeddable":true,"href":"https:\/\/chmed.org.rs\/en\/wp-json\/wp\/v2\/comments?post=649"}],"wp:featuredmedia":[{"embeddable":true,"href":"https:\/\/chmed.org.rs\/en\/wp-json\/wp\/v2\/media\/652"}],"wp:attachment":[{"href":"https:\/\/chmed.org.rs\/en\/wp-json\/wp\/v2\/media?parent=649"}],"wp:term":[{"taxonomy":"product_brand","embeddable":true,"href":"https:\/\/chmed.org.rs\/en\/wp-json\/wp\/v2\/product_brand?post=649"},{"taxonomy":"product_cat","embeddable":true,"href":"https:\/\/chmed.org.rs\/en\/wp-json\/wp\/v2\/product_cat?post=649"},{"taxonomy":"product_tag","embeddable":true,"href":"https:\/\/chmed.org.rs\/en\/wp-json\/wp\/v2\/product_tag?post=649"}],"curies":[{"name":"wp","href":"https:\/\/api.w.org\/{rel}","templated":true}]}}