{"id":515,"date":"2022-02-02T18:56:37","date_gmt":"2022-02-02T17:56:37","guid":{"rendered":"https:\/\/chmed.org.rs\/?post_type=product&#038;p=515"},"modified":"2022-06-10T16:47:02","modified_gmt":"2022-06-10T14:47:02","slug":"nauka-homeopatije-dzordz-vitulkas","status":"publish","type":"product","link":"https:\/\/chmed.org.rs\/en\/proizvod\/nauka-homeopatije-dzordz-vitulkas\/","title":{"rendered":"Nauka homeopatije &#8211; D\u017eord\u017e Vitulkas"},"content":{"rendered":"<p>Iz recenzije profesora Dejana Rakovi\u0107a:<br \/>\n&#8222;Autoru nije trebalo dugo da shvati da homeopatija, u pore\u0111enju sa ortodoksnom medicinom \u2013 na terapijskim osnovama \u2013 ima iste razlike koje ima kvantna mehanika u pore\u0111enju sa Njutnovom fizikom. Shvatio je da su se konceptima koje homeopatija uvodi u medicinu, temelji na kojima je terapija do tada delovala preneli sa fizi\u010dkog tela na njegov elektromagnetni (EM) nivo. Svakako, uvo\u0111enjem homeopatije u polje terapije, osvanula je nova era u medicini. Homeopatija ima samo jedan hendikep, a to je da je izuzetno te\u0161ko savladati je, a ovda\u0161nje izlaganje homeopatije je autorov doprinos lak\u0161em i potpunijem u\u010denju buduc\u0301ih u\u010denika.&#8220;<br \/>\nIz recenzije profesora Vuka Stambolovi\u0107a:<br \/>\n&#8222;Homeopatija koju nam u knjizi koja je pred nama razja\u0161njava profesor Vitulkas  &#8211;  mo\u0107no je terapijsko ume\u0107e. Na to nam, pre svega, ukazuje niz klini\u010dkih istra\u017eivanja me\u0111u kojima se posebno isti\u010du dve meta studije. Prva je knjiga Bornhefta i Matisena \u201cHomeopatija u zdravstvenoj za\u0161titi: efikasnost, prikladnost, bezbednost, tro\u0161kovi\u201d ,  u kojoj je prikazana analiza ra\u0111ena za potrebe \u0161vajcarske Vlade. A druga je studija \u201cRandomizirana placebo-kontrolisana istra\u017eivanja individualizovanog homeopatskog tretmana: sistematski pregled i meta-analiza\u201d, Matia i saradnika.&#8220;<\/p>","protected":false},"excerpt":{"rendered":"<p>U knjizi Nauka homeopatije D\u017eord\u017e Vitulkas je jasno i sveobuhvatno opisao teoriju i praksu ove metode le\u010denja.<\/p>\n<p>U prvom odeljku, \u201eZakoni i principi le\u010denja\u201c, Vithoulkas izla\u017ee principe elektrodinami\u010dke energije, obja\u0161njava zdravlje i bolest sa holisti\u010dkog aspekta i predispozicije za bolesti.<\/p>\n<p>U drugom delu, \u201ePrakti\u010dna primena\u201c, on daje detaljno obja\u0161njenje metoda dijagnoze, pripreme, primene homeopatskih lekova kao i evaluacije slu\u010dajeva nakon primenjene terapije. Napisana jasnim, sa\u017eetim jezikom, sa obiljem ilustracija, referenci i prikaza slu\u010dajeva, knjiga <em>Nauka homeopatije<\/em> je odli\u010dna referenca za lekare homeopate i informativan uvod za zainteresovane laike.<br \/>\n [&#8230;]<\/p>\n<p><a class=\"btn btn-secondary understrap-read-more-link\" href=\"https:\/\/chmed.org.rs\/en\/proizvod\/nauka-homeopatije-dzordz-vitulkas\/\">Read More&#8230;<\/a><\/p>","protected":false},"featured_media":520,"comment_status":"closed","ping_status":"closed","template":"","meta":{"_acf_changed":false,"_exactmetrics_skip_tracking":false,"_exactmetrics_sitenote_active":false,"_exactmetrics_sitenote_note":"","_exactmetrics_sitenote_category":0},"product_brand":[],"product_cat":[18],"product_tag":[],"class_list":{"0":"post-515","1":"product","2":"type-product","3":"status-publish","4":"has-post-thumbnail","6":"product_cat-knjige","8":"first","9":"instock","10":"taxable","11":"shipping-taxable","12":"purchasable","13":"product-type-simple"},"acf":[],"_links":{"self":[{"href":"https:\/\/chmed.org.rs\/en\/wp-json\/wp\/v2\/product\/515","targetHints":{"allow":["GET"]}}],"collection":[{"href":"https:\/\/chmed.org.rs\/en\/wp-json\/wp\/v2\/product"}],"about":[{"href":"https:\/\/chmed.org.rs\/en\/wp-json\/wp\/v2\/types\/product"}],"replies":[{"embeddable":true,"href":"https:\/\/chmed.org.rs\/en\/wp-json\/wp\/v2\/comments?post=515"}],"wp:featuredmedia":[{"embeddable":true,"href":"https:\/\/chmed.org.rs\/en\/wp-json\/wp\/v2\/media\/520"}],"wp:attachment":[{"href":"https:\/\/chmed.org.rs\/en\/wp-json\/wp\/v2\/media?parent=515"}],"wp:term":[{"taxonomy":"product_brand","embeddable":true,"href":"https:\/\/chmed.org.rs\/en\/wp-json\/wp\/v2\/product_brand?post=515"},{"taxonomy":"product_cat","embeddable":true,"href":"https:\/\/chmed.org.rs\/en\/wp-json\/wp\/v2\/product_cat?post=515"},{"taxonomy":"product_tag","embeddable":true,"href":"https:\/\/chmed.org.rs\/en\/wp-json\/wp\/v2\/product_tag?post=515"}],"curies":[{"name":"wp","href":"https:\/\/api.w.org\/{rel}","templated":true}]}}