{"id":734,"date":"2025-05-15T00:25:49","date_gmt":"2025-05-14T22:25:49","guid":{"rendered":"https:\/\/chmed.org.rs\/?page_id=734"},"modified":"2025-12-22T08:27:55","modified_gmt":"2025-12-22T07:27:55","slug":"seminari","status":"publish","type":"page","link":"https:\/\/chmed.org.rs\/en\/seminari\/","title":{"rendered":"Seminari"},"content":{"rendered":"<div style=\"text-align: right; margin-bottom: 20px;\"><a style=\"text-decoration: none; font-weight: bold;\" href=\"https:\/\/chmed.org.rs\/en\/seminars\/\">EN<\/a><\/div>\n<div class=\"row\" style=\"align-items: flex-start; margin-bottom: 40px;\">\n<div class=\"col-md-6\">\n<h1 style=\"margin-bottom: 20px;\">Dr sc. med. Jorgos Kavouras<\/h1>\n<h3 style=\"margin-bottom: 20px;\">Vebinar u Srbiji 2026<\/h3>\n<h2 style=\"margin-bottom: 30px;\">&#8222;Homeopatski tretman akutnih stanja&#8220;<\/h2>\n<h5 style=\"margin-bottom: 30px;\">Datum: 24. januar 2026.<\/h5>\n<h5>Rok za prijavu: 20. januar 2026.<\/h5>\n<h5>Vebinar \u0107e se odr\u017eavati na engleskom jeziku sa simultanim prevodom na srpski jezik.<\/h5>\n<\/div>\n<div class=\"col-md-6\"><img decoding=\"async\" style=\"width: 100%; height: auto; border-radius: 8px;\" src=\"https:\/\/chmed.org.rs\/wp-content\/uploads\/2025\/05\/Hahnemann-Prof.Kavouras-DSC_0916-1-scaled.jpg\" alt=\"Prof. dr Jorgos Kavouras\" \/><\/div>\n<\/div>\n<h5 style=\"margin-bottom: 10px;\">Raspored predavanja<\/h5>\n<table style=\"border-collapse: collapse; width: 100%; margin-bottom: 30px;\" border=\"1\" cellspacing=\"0\" cellpadding=\"8\">\n<thead>\n<tr>\n<th style=\"text-align: left;\">Vreme<\/th>\n<th style=\"text-align: left;\">Predavanje<\/th>\n<\/tr>\n<\/thead>\n<tbody>\n<tr>\n<td>10:00 \u2013 11:30<\/td>\n<td>Homeopatski tretman akutnih stanja<\/td>\n<\/tr>\n<tr>\n<td>12:00 \u2013 13:30<\/td>\n<td>Homeopatski tretman akutnih stanja \u2013 primeri iz prakse<\/td>\n<\/tr>\n<tr>\n<td>16:00 \u2013 17:30<\/td>\n<td>Akutne i latentne (tihe) upale u kontekstu teorije o nivoima zdravlja<\/td>\n<\/tr>\n<tr>\n<td>18:00 \u2013 19:00<\/td>\n<td>Akutne i latentne (tihe) upale u kontekstu teorije o nivoima zdravlja \u2013 primeri iz prakse<\/td>\n<\/tr>\n<\/tbody>\n<\/table>\n<h5 style=\"margin-bottom: 20px;\">Iznos kotizacije za prisustvo na vebinaru iznosi 100\u20ac u dinarskoj protivvrednosti, <a href=\"https:\/\/webappcenter.nbs.rs\/ExchangeRateWebApp\/ExchangeRate\/CurrentMiddleRate\" target=\"_blank\" rel=\"noopener\">po srednjem kursu NBS<\/a>, na dan prijave.<\/h5>\n<h5 style=\"margin-bottom: 20px;\">Jedan od ovih segmenata bi\u0107e posve\u0107en pitanjima i odgovorima, pa se studenti ohrabruju da svoja pitanja unapred po\u0161alju dr Lenki Ten\u017eera (email: <a href=\"mailto:office@chmed.org.rs\">office@chmed.org.rs<\/a>), koja organizuje seminar.<\/h5>\n<h5 style=\"margin-bottom: 30px;\">Prof. Kavouras je iskusan homeopata i predava\u010d homeopatije. Do sada je predavao u vi\u0161e od 15 zemalja. Njegov cilj je da pove\u017ee homeopatiju i druge komplementarne oblasti medicine sa konvencionalnom medicinom (MSM &#8211; mainstream medicine) u okviru integrativne medicine. Veoma je aktivan i godi\u0161nje organizuje do dva kongresa u Bambergu (Nema\u010dka).<\/h5>\n<div style=\"margin-top: 40px;\">\n<div class=\"wpcf7 no-js\" id=\"wpcf7-f711-o1\" lang=\"sr-RS\" dir=\"ltr\" data-wpcf7-id=\"711\">\n<div class=\"screen-reader-response\"><p role=\"status\" aria-live=\"polite\" aria-atomic=\"true\"><\/p> <ul><\/ul><\/div>\n<form action=\"\/en\/wp-json\/wp\/v2\/pages\/734#wpcf7-f711-o1\" method=\"post\" class=\"wpcf7-form init\" aria-label=\"Contact form\" novalidate=\"novalidate\" data-status=\"init\" data-trp-original-action=\"\/en\/wp-json\/wp\/v2\/pages\/734#wpcf7-f711-o1\">\n<div style=\"display: none;\">\n<input type=\"hidden\" name=\"_wpcf7\" value=\"711\" \/>\n<input type=\"hidden\" name=\"_wpcf7_version\" value=\"6.0.6\" \/>\n<input type=\"hidden\" name=\"_wpcf7_locale\" value=\"sr_RS\" \/>\n<input type=\"hidden\" name=\"_wpcf7_unit_tag\" value=\"wpcf7-f711-o1\" \/>\n<input type=\"hidden\" name=\"_wpcf7_container_post\" value=\"0\" \/>\n<input type=\"hidden\" name=\"_wpcf7_posted_data_hash\" value=\"\" \/>\n<input type=\"hidden\" name=\"_wpcf7cf_hidden_group_fields\" value=\"[]\" \/>\n<input type=\"hidden\" name=\"_wpcf7cf_hidden_groups\" value=\"[]\" \/>\n<input type=\"hidden\" name=\"_wpcf7cf_visible_groups\" value=\"[]\" \/>\n<input type=\"hidden\" name=\"_wpcf7cf_repeaters\" value=\"[]\" \/>\n<input type=\"hidden\" name=\"_wpcf7cf_steps\" value=\"{}\" \/>\n<input type=\"hidden\" name=\"_wpcf7cf_options\" value=\"{&quot;form_id&quot;:711,&quot;conditions&quot;:[],&quot;settings&quot;:{&quot;animation&quot;:&quot;yes&quot;,&quot;animation_intime&quot;:200,&quot;animation_outtime&quot;:200,&quot;conditions_ui&quot;:&quot;normal&quot;,&quot;notice_dismissed&quot;:false}}\" \/>\n<input type=\"hidden\" name=\"_wpcf7_recaptcha_response\" value=\"\" \/>\n<\/div>\n<div class=\"row\">\n\t<div class=\"col-md-4\">\n\t\t<p><label>Ime (obavezno)<span class=\"wpcf7-form-control-wrap\" data-name=\"first-name\"><input size=\"40\" maxlength=\"400\" class=\"wpcf7-form-control wpcf7-text wpcf7-validates-as-required\" aria-required=\"true\" aria-invalid=\"false\" value=\"\" type=\"text\" name=\"first-name\" \/><\/span> <\/label>\n\t\t<\/p>\n\t<\/div>\n\t<div class=\"col-md-4\">\n\t\t<p><label>Prezime (obavezno)<span class=\"wpcf7-form-control-wrap\" data-name=\"lastname\"><input size=\"40\" maxlength=\"400\" class=\"wpcf7-form-control wpcf7-text wpcf7-validates-as-required\" aria-required=\"true\" aria-invalid=\"false\" value=\"\" type=\"text\" name=\"lastname\" \/><\/span> <\/label>\n\t\t<\/p>\n\t<\/div>\n<\/div>\n<div class=\"row\">\n\t<div class=\"col-md-4\">\n\t\t<p><label>Telefon (obavezno)<span class=\"wpcf7-form-control-wrap\" data-name=\"telephone\"><input size=\"40\" maxlength=\"400\" class=\"wpcf7-form-control wpcf7-tel wpcf7-validates-as-required wpcf7-text wpcf7-validates-as-tel\" aria-required=\"true\" aria-invalid=\"false\" value=\"\" type=\"tel\" name=\"telephone\" \/><\/span> <\/label>\n\t\t<\/p>\n\t<\/div>\n\t<div class=\"col-md-4\">\n\t\t<p><label>Email (obavezno)<span class=\"wpcf7-form-control-wrap\" data-name=\"your-email\"><input size=\"40\" maxlength=\"400\" class=\"wpcf7-form-control wpcf7-email wpcf7-validates-as-required wpcf7-text wpcf7-validates-as-email\" aria-required=\"true\" aria-invalid=\"false\" value=\"\" type=\"email\" name=\"your-email\" \/><\/span> <\/label>\n\t\t<\/p>\n\t<\/div>\n<\/div>\n<div class=\"form-group py-4\">\n\t<div class=\"row\">\n\t\t<div class=\"col-md-12\">\n\t\t\t<p><label>Ulica i broj (obavezno)<span class=\"wpcf7-form-control-wrap\" data-name=\"ulica\"><input size=\"40\" maxlength=\"400\" class=\"wpcf7-form-control wpcf7-text wpcf7-validates-as-required\" aria-required=\"true\" aria-invalid=\"false\" value=\"\" type=\"text\" name=\"ulica\" \/><\/span><\/label>\n\t\t\t<\/p>\n\t\t<\/div>\n\t\t<div class=\"col-md-6\">\n\t\t\t<p><label>Mesto (obavezno)<span class=\"wpcf7-form-control-wrap\" data-name=\"mesto\"><input size=\"40\" maxlength=\"400\" class=\"wpcf7-form-control wpcf7-text wpcf7-validates-as-required\" aria-required=\"true\" aria-invalid=\"false\" value=\"\" type=\"text\" name=\"mesto\" \/><\/span><\/label>\n\t\t\t<\/p>\n\t\t<\/div>\n\t\t<div class=\"col-md-6\">\n\t\t\t<p><label>Dr\u017eava (obavezno)<span class=\"wpcf7-form-control-wrap\" data-name=\"drzava\"><input size=\"40\" maxlength=\"400\" class=\"wpcf7-form-control wpcf7-text wpcf7-validates-as-required\" aria-required=\"true\" aria-invalid=\"false\" value=\"\" type=\"text\" name=\"drzava\" \/><\/span><\/label>\n\t\t\t<\/p>\n\t\t<\/div>\n\t<\/div>\n<\/div>\n<div style=\"margin-top: 20px;\">\n\t<p><label>Klikom na \"Po\u0161alji prijavu\" potvr\u0111ujem da sam pro\u010ditao\/la, razumeo\/la i prihvatam sve odredbe <a href=\"https:\/\/chmed.org.rs\/wp-content\/uploads\/2025\/05\/UGOVOR-O-UCESCU-NA-VEBINARU.pdf\" target=\"_blank\">Ugovora o u\u010de\u0161\u0107u<\/a>.<\/label>\n\t<\/p>\n<\/div>\n<div style=\"margin-top: 20px;\">\n\t<p><input class=\"wpcf7-form-control wpcf7-submit has-spinner\" type=\"submit\" value=\"Po\u0161alji prijavu\" \/>\n\t<\/p>\n<\/div><div class=\"wpcf7-response-output\" aria-hidden=\"true\"><\/div>\n<input type=\"hidden\" name=\"trp-form-language\" value=\"en\"\/><\/form>\n<\/div>\n<\/div>","protected":false},"excerpt":{"rendered":"<p>EN Dr sc. med. Jorgos Kavouras Vebinar u Srbiji 2026 &#8222;Homeopatski tretman akutnih stanja&#8220; Datum: 24. januar 2026. Rok za prijavu: 20. januar 2026. Vebinar \u0107e se odr\u017eavati na engleskom jeziku sa simultanim prevodom na srpski jezik. Raspored predavanja Vreme Predavanje 10:00 \u2013 11:30 Homeopatski tretman akutnih stanja 12:00 \u2013 13:30 Homeopatski tretman akutnih stanja [&#8230;]<\/p>\n<p><a class=\"btn btn-secondary understrap-read-more-link\" href=\"https:\/\/chmed.org.rs\/en\/seminari\/\">Read More&#8230;<\/a><\/p>","protected":false},"author":2,"featured_media":0,"parent":0,"menu_order":0,"comment_status":"closed","ping_status":"closed","template":"","meta":{"_acf_changed":false,"_exactmetrics_skip_tracking":false,"_exactmetrics_sitenote_active":false,"_exactmetrics_sitenote_note":"","_exactmetrics_sitenote_category":0,"footnotes":""},"class_list":["post-734","page","type-page","status-publish","hentry"],"acf":[],"_links":{"self":[{"href":"https:\/\/chmed.org.rs\/en\/wp-json\/wp\/v2\/pages\/734","targetHints":{"allow":["GET"]}}],"collection":[{"href":"https:\/\/chmed.org.rs\/en\/wp-json\/wp\/v2\/pages"}],"about":[{"href":"https:\/\/chmed.org.rs\/en\/wp-json\/wp\/v2\/types\/page"}],"author":[{"embeddable":true,"href":"https:\/\/chmed.org.rs\/en\/wp-json\/wp\/v2\/users\/2"}],"replies":[{"embeddable":true,"href":"https:\/\/chmed.org.rs\/en\/wp-json\/wp\/v2\/comments?post=734"}],"version-history":[{"count":14,"href":"https:\/\/chmed.org.rs\/en\/wp-json\/wp\/v2\/pages\/734\/revisions"}],"predecessor-version":[{"id":804,"href":"https:\/\/chmed.org.rs\/en\/wp-json\/wp\/v2\/pages\/734\/revisions\/804"}],"wp:attachment":[{"href":"https:\/\/chmed.org.rs\/en\/wp-json\/wp\/v2\/media?parent=734"}],"curies":[{"name":"wp","href":"https:\/\/api.w.org\/{rel}","templated":true}]}}