{"id":6,"date":"2019-05-01T15:11:06","date_gmt":"2019-05-01T13:11:06","guid":{"rendered":"https:\/\/crhm.ordinacijaalona.com\/?page_id=6"},"modified":"2026-04-13T15:32:40","modified_gmt":"2026-04-13T13:32:40","slug":"skola-homeopatije","status":"publish","type":"page","link":"https:\/\/chmed.org.rs\/en\/","title":{"rendered":"Centar za razvoj homeopatske medicine"},"content":{"rendered":"<p>&nbsp;<\/p>\n<div id=\"povoljnosti\" class=\"text-center\">\n<div class=\"col-md-12 pb-2\">\n<h2><strong>Upis \u010detvrte generacije polaznika za \u0161kolsku 2026\/27. po\u010dinje u aprilu &#8211;<a href=\"https:\/\/chmed.org.rs\/en\/prijava\/\"> Ostvarite popust pri upisu\u00a0<\/a><\/strong><\/h2>\n<p><strong>Uputstva za upis pogledajte na stranici <a href=\"https:\/\/chmed.org.rs\/en\/prijava\/\">PRIJAVA<\/a><\/strong><\/p>\n<\/div>\n<h2><strong>Predavanja u okviru prvog semestra 2026. po\u010dinju 3. oktobra u 8:30 u sali &#8222;Akademika&#8220; Kolar\u010deva 9.<\/strong><\/h2>\n<h4 style=\"color: red;\"><strong>Predavanja je mogu\u0107e pratiti i online. <\/strong><\/h4>\n<p style=\"color: red;\"><strong>Edukacija u organizaciji Centra za razvoj homeopatske medicine je jedina edukacija iz oblasti homeopatije koja je dobila pozitivno mi\u0161ljenje Komisije za komplementarnu medicinu Ministarstva zdravlja 2023. godine. Svi predava\u010di su doktori nauka ili su studenti postdiplomskih studija medicinskih nauka.\u00a0<\/strong><\/p>\n<p>Plan predavanja bi\u0107e poslat upisanim polaznicima \u0161kole do kraja septembra. Predavanja se odr\u017eavaju svake subote (15 subota u prvom semestru i 15 subota u drugom semestru)<\/p>\n<p>Obavezan je dolazak na prvo predavanje zbog materijala koji \u0107e biti podeljen.<\/p>\n<h3><\/h3>\n<\/div>\n<h2 style=\"text-align: center;\"><strong>Kako izabrati \u0161kolu homeopatije<\/strong><\/h2>\n<p>S obzirom na to da u svetu postoje razli\u010diti, pseudonau\u010dni pravci u homeopatiji, treba biti obazriv pri izboru \u0161kole homeopatije. \u0160kola\/edukacija koju izaberete ne traba samo da vam predstavi homeopatiju, ve\u0107 treba da vas osposobi za USPE\u0160NU HOMEOPATSKU PRAKSU. Zato je neophodno:<\/p>\n<ol>\n<li>Raspitati se o profesorima koji predaju u \u0161koli. Organizator nastave treba da bude lekar\/homeopata koji se i nau\u010dno i prakti\u010dno bavi homeopatijom.<\/li>\n<li>Upoznati se sa PRAVILNIKOM O BLI\u017dIM USLOVIMA I NA\u010cINU OBAVLJANJA METODA I POSTUPAKA KOMPLEMENTARNE MEDICINE <a href=\"https:\/\/www.paragraf.rs\/propisi\/pravilnik-o-blizim-uslovima-i-nacinu-obavljanja-metoda-i-postupaka-komplementarne-medicine.html\">https:\/\/www.paragraf.rs\/propisi\/pravilnik-o-blizim-uslovima-i-nacinu-obavljanja-metoda-i-postupaka-komplementarne-medicine.html <\/a>po kome je neophodno da predava\u010d ima vi\u0161e od 50 pacijenata godi\u0161nje u poslednjih 5 godina (\u010clan 9). Po na\u0161em mi\u0161ljenju ovo nije dovoljno. Predava\u010d\/organizator mora da ima aktivnu homeopatsku praksu najmanje 10 godina i da u poslednjih 5 godina ima najmanje 150 novih pacijenata godi\u0161nje (\u0161to je najmanje 3 pacijenta nedeljno u proseku) jer je to znak da ima ne samo aktivnu, ve\u0107 i USPE\u0160NU homeopatsku praksu.<\/li>\n<li>Raspitati se o &#8222;vrsti&#8220; homeopatije koja se predaje u \u0161koli, jer je neophodno poznavati klasi\u010dnu, nau\u010dno dokazanu homeopatiju kako bi se moglo kriti\u010dki pristupiti svim ostalim pravcima u homeopatiji od kojih mnogi ni ne pretenduju na to da nau\u010dno doka\u017eu svoja tvr\u0111enja. Saradnja sa homeopatskim centrima iz inostranstva ne garantuje upoznavanje sa klasi\u010dnom homeopatijom i bez klasi\u010dne homeopatije nije mogu\u0107e razumeti sisteme koji su neka vrsta jo\u0161 uvek nedovoljno potvr\u0111ene\u00a0 &#8222;nadgradnje&#8220; homeopatskog znanja.<\/li>\n<li>Raspitati se o literaturi i proveriti nau\u010dnu kompetentnost autora predlo\u017eene literature<\/li>\n<li>Pitati o postojanju mogu\u0107nosti za stru\u010dnu podr\u0161ku u prvim godinama samostalne prakse nakon edukacije pri re\u0161avanju te\u017eih slu\u010dajeva.<\/li>\n<\/ol>\n<p>&nbsp;<\/p>\n<div id=\"povoljnosti\" class=\"text-center\">\n<h2>\u0160ansa za zaposlenje<\/h2>\n<p>Studenti koji uspe\u0161no zavr\u0161e edukativni program mo\u0107i \u0107e, nakon diplomiranja, da obavljaju jednogodi\u0161nju praksu u ordinaciji homeopatske medicine ALONA. Tokom ovog perioda bi\u0107e im obezbe\u0111en prostor za rad i mentorska podr\u0161ka, kako bi uz stru\u010dno vo\u0111stvo razvijali svoju samostalnu praksu pre nego \u0161to potpuno nezavisno zapo\u010dnu sopstveni rad u ordinaciji ALONA ili van nje.<\/p>\n<p>I nakon zavr\u0161ene prakse i otvaranja sopstvene ordinacije, biv\u0161im studentima \u0107e i dalje biti dostupna podr\u0161ka mentora u meri u kojoj im bude potrebna u toku njihovog profesionalnog rada.<\/p>\n<p>Ordinaciju homeopatske medicine mo\u017ee otvoriti svaki zdravstveni radnik ukoliko ispunjava uslove propisane Zakonom o zdravstvenoj za\u0161titi kao i Pravilnikom o bli\u017eim uslovima za obavljanje zdravstvene delatnosti.<\/p>\n<\/div>\n<p><img decoding=\"async\" src=\"https:\/\/chmed.org.rs\/wp-content\/uploads\/2019\/05\/header-01.jpg\" \/><\/p>\n<div class=\"row section-pading\">\n<div class=\"col-md-12 text-center pb-2\">\n<h2>Za\u0161to u\u010diti homeopatsku medicinu<\/h2>\n<\/div>\n<div class=\"col-md-4\">\n<h3>Budu\u0107nost zdravstva<\/h3>\n<p class=\"text-muted\">Budu\u0107nost organizacije zdravstvenog sistema je transformacija tradicionalnog zdravstvenog sistema u <strong>integrativni zdravstveni sistem po ugledu na \u0160vajcarsku<\/strong> \u010dime se stvara potreba za lekarima koji poznaju komplementarne, nau\u010dno priznate metode le\u010denja.<\/p>\n<\/div>\n<div class=\"col-md-4\">\n<h3>Priznata metoda le\u010denja<\/h3>\n<p class=\"text-muted\">Homeopatija je u na\u0161oj zemlji legalna metoda le\u010denja kojom se mogu baviti samo lekari u zdravstvenim ustanovama koje imaju re\u0161enje Ministarstva zdravlja za primenu ove metode.<\/p>\n<\/div>\n<div class=\"col-md-4\">\n<h3>Trend savremene medicine<\/h3>\n<p class=\"text-muted\">Trend savremene medicine je integracija dokazano uspe\u0161nih komplementarnih metoda le\u010denja, kao \u0161to su homeopatija i akupunktura, u zdravstveni sistem zbog dobrih rezultata i manje cene.<\/p>\n<\/div>\n<div class=\"col-md-12 text-center\"><img decoding=\"async\" src=\"https:\/\/chmed.org.rs\/wp-content\/uploads\/2019\/05\/svajcarska.jpg\" alt=\"\u0160vajcarska\" \/><\/div>\n<\/div>\n<div class=\"row py-3\">\n<section id=\"edukacija\" class=\"\">\n<div class=\"container\">\n<div class=\"row justify-content-center\">\n<div class=\"col-12 col-md-10 col-lg-8 text-center\">\n<p><!-- Heading --><\/p>\n<h2 class=\"\">Kome je namenjena edukacija<\/h2>\n<\/div>\n<\/div>\n<p><!-- \/ .row --><\/p>\n<div class=\"row\">\n<div class=\"col-12 col-lg-6\">\n<p><!-- Item --><\/p>\n<div class=\"row align-items-center mb-8 aos-init aos-animate\" data-aos=\"fade-up\">\n<div class=\"col-4 col-lg-5\">\n<p><!-- Image --><br \/>\n<img decoding=\"async\" class=\"img-fluid\" src=\"https:\/\/chmed.org.rs\/wp-content\/uploads\/2019\/06\/student.jpg\" alt=\"\" \/><\/p>\n<\/div>\n<div class=\"col-8 col-lg-7\">\n<p><!-- Heading --><\/p>\n<h3 class=\"mb-2\">Apsolventima medicinskih, stomatolo\u0161kih i farmaceutskih fakulteta strukovnih ili akademskih studija<\/h3>\n<p><!-- Text --><\/p>\n<p class=\"text-gray-700 mb-0\">Skra\u0107uju period do sasvim izvesnog zaposlenja.<\/p>\n<\/div>\n<\/div>\n<p><!-- \/ .row --><\/p>\n<p><!-- Item --><\/p>\n<div class=\"row align-items-center mb-8 aos-init aos-animate\" data-aos=\"fade-up\">\n<div class=\"col-4 col-lg-5\">\n<p><!-- Image --><br \/>\n<img decoding=\"async\" class=\"img-fluid\" src=\"https:\/\/chmed.org.rs\/wp-content\/uploads\/2019\/06\/intern.jpg\" alt=\"\" \/><\/p>\n<\/div>\n<div class=\"col-8 col-lg-7\">\n<p><!-- Heading --><\/p>\n<h3 class=\"mb-2\">Osobama sa zavr\u0161enim osnovnim strukovnim studijama<\/h3>\n<p><!-- Text --><\/p>\n<p class=\"text-gray-700 mb-0\">Obu\u010davaju se iz oblasti kojom sebi omogu\u0107avaju sigurno zaposlenje. Mogu u svojoj ordinaciji zaposliti lekare homeopate.<\/p>\n<\/div>\n<\/div>\n<p><!-- \/ .row --><\/p>\n<\/div>\n<div class=\"col-12 col-lg-6\">\n<p><!-- Item --><\/p>\n<div class=\"row align-items-center mb-8 aos-init aos-animate\" data-aos=\"fade-up\">\n<div class=\"col-4 col-lg-5\">\n<p><!-- Image --><br \/>\n<img decoding=\"async\" class=\"img-fluid\" src=\"https:\/\/chmed.org.rs\/wp-content\/uploads\/2019\/06\/doctor.jpg\" alt=\"\" \/><\/p>\n<\/div>\n<div class=\"col-8 col-lg-7\">\n<p><!-- Heading --><\/p>\n<h3 class=\"mb-2\">Lekarima op\u0161te medicine, stomatolozima i farmaceutima<\/h3>\n<p><!-- Text --><\/p>\n<p class=\"text-gray-700 mb-0\">Omogu\u0107avaju sebi da budu u trendu sa najsavremenijim medicinskim dostignu\u0107ima koja su primenjiva bez velikih ulaganja<\/p>\n<\/div>\n<\/div>\n<p><!-- \/ .row --><\/p>\n<p><!-- Item --><\/p>\n<div class=\"row align-items-center mb-8 aos-init aos-animate\" data-aos=\"fade-up\">\n<div class=\"col-4 col-lg-5\">\n<p><!-- Image --><br \/>\n<img decoding=\"async\" class=\"img-fluid\" src=\"https:\/\/chmed.org.rs\/wp-content\/uploads\/2019\/06\/specialist.jpg\" alt=\"\" \/><\/p>\n<\/div>\n<div class=\"col-8 col-lg-7\">\n<p><!-- Heading --><\/p>\n<h3 class=\"mb-2\">Lekarima specijalistima<\/h3>\n<p><!-- Text --><\/p>\n<p class=\"text-gray-700 mb-0\">Mogu integrisati razne metode le\u010denja u svom radu poput lekara u \u0160vajcarskoj<\/p>\n<p>&nbsp;<\/p>\n<p class=\"text-gray-700 mb-0\">\n<\/div>\n<\/div>\n<\/div>\n<\/div>\n<\/div>\n<\/section>\n<\/div>\n<div class=\"py-3\">\n<div class=\"row section-pading\">\n<div class=\"col-md-12 text-center pb-2\">\n<p>*Zbog velikog i kontinuiranog interesovanja i \u017eelje da se \u0161to vi\u0161e ljudi upozna sa ovim na\u010dinom le\u010denja, Centar za razvoj homeopatske medicine, formira posebnu edukativnu grupu za osobe koje imaju zavr\u0161enu srednju medicinsku \u0161kolu. Edukacija za osobe sa zavr\u0161enom srednjom medicinskom \u0161kolom traje 2 godine nakon \u010dega se dobija zvanje homeopata-saradnik. Homeopata saradnik mo\u017ee raditi u homeopatskoj ordinaciji pod supervizijom lekara homeopate ili mo\u017ee otvoriti svoju ordinaciju i zaposliti lekara homeopatu.<\/p>\n<p>&nbsp;<\/p>\n<\/div>\n<p>&nbsp;<\/p>\n<div class=\"col-md-12 text-center pb-2\">\n<h2>\u0160ta dobijate edukacijom?<\/h2>\n<\/div>\n<div class=\"col-md-6\">\n<h4>Privatna lekarska praksa<\/h4>\n<div class=\"\">\n<p>Mogu\u0107nost da sa malo ulaganja otvorite sopstvenu privatnu lekarsku praksu Ukoliko \u017eelite da radite sami u sopstvenoj ordinaciji integrativne medicine ima\u0107ete:<\/p>\n<ul>\n<li>Konsultantsku pomo\u0107 pri pokretanju sopstvenog posla<\/li>\n<li>Stru\u010dnu konsultantsku pomo\u0107 pri re\u0161avanju najte\u017eih slu\u010dajeva od strane edukativnog tima<\/li>\n<li>Pravnog zastupnika za za\u0161titu profesionalnog integriteta<\/li>\n<\/ul>\n<\/div>\n<\/div>\n<div class=\"col-md-6\">\n<h4>Kontinuirana medicinska edukacija<\/h4>\n<div class=\"\">Potrebni su vam bodovi za produ\u017eenje licence \u2013 edukativni tim \u0107e organizovati predavanja u okviru kontinuirane medicinske edukacije \u010dime dobijate nova saznanja iz oblasti kojom se bavite, kao i bodove za produ\u017eenje licence.<\/div>\n<\/div>\n<div class=\"col-md-6\">\n<h4>Konsultovanje i zajedni\u010dko re\u0161avanje najte\u017eih slu\u010dajeva<\/h4>\n<div class=\"\">Stalnu online pomo\u0107 pri analizi i re\u0161avanju najte\u017eih slu\u010dajeva. Svi studenti koji uspe\u0161no zavr\u0161e edukaciju bi\u0107e deo umre\u017eenog tima \u010dime \u0107e biti omogu\u0107eno konsultovanje i zajedni\u010dko re\u0161avanje najte\u017eih slu\u010dajeva. Edukativni tim \u0107e biti na raspolaganju za te\u0161ke slu\u010dajeve.<\/div>\n<\/div>\n<div class=\"col-md-6\">\n<h4>Stru\u010dnu pomo\u0107 za nau\u010dna istra\u017eivanja i pisanje nau\u010dnih radova<\/h4>\n<div class=\"\">Edukativni tim organizuje istra\u017eiva\u010dki centar koji \u0107e biti stru\u010dna podr\u0161ka svim studentima koji \u017eele da se bave nau\u010dnoistra\u017eiva\u010dkim radom. Studenti koji upi\u0161u Postdiplomske doktorske studije medicinskih nauka, ima\u0107e posebne anga\u017emane u okviru samog istra\u017eiva\u010dkog centra.<\/div>\n<\/div>\n<div class=\"col-12 col-md-10 col-lg-8 offset-md-1 offset-lg-2 text-center\">\n<p class=\"font-size-sm text-gray-500 pt-2 mb-0\">* Program edukacije je napravljen po ugledu na programe medicinskih specijalizacija i poznatih homeopatskih centara u svetu.<\/p>\n<\/div>\n<\/div>\n<\/div>\n<div id=\"zaposlenje\" class=\"row section-pading py-3\">\n<div class=\"col-md-12 text-center pb-2 text-center\"><\/div>\n<div class=\"col-md-6\">\n<p style=\"text-align: center;\">\n<\/div>\n<div class=\"col-md-6\">\n<p>&nbsp;<\/p>\n<\/div>\n<\/div>\n<p><img loading=\"lazy\" decoding=\"async\" class=\"alignnone size-full wp-image-336\" src=\"https:\/\/chmed.org.rs\/wp-content\/uploads\/2019\/06\/homeopatija-istrazivanja.jpg\" alt=\"\" width=\"1100\" height=\"549\" srcset=\"https:\/\/chmed.org.rs\/wp-content\/uploads\/2019\/06\/homeopatija-istrazivanja.jpg 1100w, https:\/\/chmed.org.rs\/wp-content\/uploads\/2019\/06\/homeopatija-istrazivanja-300x150.jpg 300w, https:\/\/chmed.org.rs\/wp-content\/uploads\/2019\/06\/homeopatija-istrazivanja-600x299.jpg 600w, https:\/\/chmed.org.rs\/wp-content\/uploads\/2019\/06\/homeopatija-istrazivanja-150x75.jpg 150w, https:\/\/chmed.org.rs\/wp-content\/uploads\/2019\/06\/homeopatija-istrazivanja-768x383.jpg 768w, https:\/\/chmed.org.rs\/wp-content\/uploads\/2019\/06\/homeopatija-istrazivanja-1024x511.jpg 1024w\" sizes=\"auto, (max-width: 1100px) 100vw, 1100px\" \/><\/p>\n<div class=\"py-3 text-center\">\n<h2>Sve je ve\u0107a potreba za nau\u010dnim istra\u017eivanjima iz oblasti homeopatske medicine<\/h2>\n<p><a href=\"https:\/\/www.vithoulkas.com\/research\/positive-articles\">Nau\u010dni radovi iz homeopatske medicine<\/a> se objavljuju sve vi\u0161e u nau\u010dnim \u010dasopisima konvencionalne medicine koja integri\u0161e i nau\u010dno obja\u0161njava dostignu\u0107a svih nauci poznatih metoda le\u010denja. Studije o dejstvu homeopatskih lekova su ra\u0111ene ne samo na ljudima i \u017eivotinjama, ve\u0107 i na kulturama tkiva gde je <a href=\"https:\/\/journals.plos.org\/plosone\/article?id=10.1371\/journal.pone.0166340\">placebo efekat nemogu\u0107<\/a>. Objavljene su nove teorije iz oblasti homeopatske medicine koje imaju veliki prediktabilni zna\u010daj bez obzira na vrstu primenjene terapije. U praksi ve\u0107 dokazano uspe\u0161na, homeopatska medicina je sada veoma zanimljivo podru\u010dje nau\u010dnog istra\u017eivanja koje zahteva integraciju razli\u010ditih nau\u010dnih oblasti.<\/p>\n<\/div>\n<div class=\"py-3 text-center\">\n<h2>Homeopatska medicina bele\u017ei sve ve\u0107i broj korisnika<\/h2>\n<p>Najbogatije zemlje sveta poput \u0160vajcarske daju <a href=\"https:\/\/www.swissinfo.ch\/eng\/complementary-therapies_swiss-to-recognise-homeopathy-as-legitimate-medicine\/42053830\">homeopatskoj medicini isti status koji ima i konvencionalna zapadna medicina<\/a>, jer adekvatno primenjeno homeopatsko le\u010denje ne samo da ima efekta ve\u0107 i \u0161tedi novac zdravstvenog bud\u017eeta. Popis u \u0160vajcarskoj iz 2016 je pokazao da se 2\/3 \u0160vajcaraca le\u010di homeopatijom ili akupunkturom.<\/p>\n<\/div>\n<div class=\"py-3 text-center\">\n<h2>Homeopatska medicina u na\u0161oj zemlji<\/h2>\n<p>Homeopatskom medicinom u na\u0161oj zemlji mogu se baviti samo lekari koji nakon adekvatne edukacije iz ove oblasti koja je organizovana po akademskim standardima, dobiju re\u0161enje Ministarstva zdravlja da u svom radu mogu primenjivati principe le\u010denja iz homeopatske medicine. Homeopatska medicina se mo\u017ee praktikovati samo u legalno otvorenim ordinacijama, poliklinikama, bolnicama i klinikama koje ispunjavaju uslove za primenu ove metode u lekarskom radu. U &#8222;Slu\u017ebenom glasniku RS&#8220; br 16\/2018 objavljen je Pravilnik o bli\u017eim uslovima, na\u010dinu i postupku obavljanja metoda i postupaka tradicionalne medicine koji je propisalo Ministarstvo zdravlja Srbije. Me\u0111u opisanim tradicionalnim\/komplementarnim metodama je i homeopatija.<\/p>\n<\/div>\n<div class=\"py-3 text-center\">\n<p><img decoding=\"async\" src=\"https:\/\/chmed.org.rs\/wp-content\/uploads\/2019\/05\/predavanja.jpg\" alt=\"Na\u010din poha\u0111anja nastave\" \/><\/p>\n<h2>Na\u010din poha\u0111anja nastave<\/h2>\n<p>Sva predavanja je mogu\u0107e pratiti u\u017eivo ili online sa odlo\u017eenim gledanjem do 72 sata.<\/p>\n<\/div>\n<div class=\"py-3 text-center\">\n<h2>Prakti\u010dna nastava<\/h2>\n<p>Prakti\u010dna nastava se sastoji iz tri dela. Prvi deo podrazumeva upoznavanje\u00a0 sa prikazima slu\u010dajeva u kojima je opisana detaljna anamneza i holisti\u010dko re\u0161avanje zdravstvenih problema. Drugi deo prakti\u010dne nastave je pra\u0107enje uzimanja anamneze u\u017eivo ili online i u\u010destvovanje studenata u prepoznavanju homeopatskih sindroma. Tre\u0107i deo podrazumeva samostalno uzimanje anamneze, prepoznavanje homeopatskog sindroma, propisivanje leka i pra\u0107enje promena u pacijentovom zdravstvenom stanju 10 slu\u010dajeva pod supervizijom iskusnih homeopata. <strong>Cela prakti\u010dna nastava se mo\u017ee odvijati online \u0161to je posebno va\u017eno za kolege koji nisu iz Beograda.<\/strong><\/p>\n<\/div>","protected":false},"excerpt":{"rendered":"<p>&nbsp; Upis \u010detvrte generacije polaznika za \u0161kolsku 2026\/27. po\u010dinje u aprilu &#8211; Ostvarite popust pri upisu\u00a0 Uputstva za upis pogledajte na stranici PRIJAVA Predavanja u okviru prvog semestra 2026. po\u010dinju 3. oktobra u 8:30 u sali &#8222;Akademika&#8220; Kolar\u010deva 9. Predavanja je mogu\u0107e pratiti i online. Edukacija u organizaciji Centra za razvoj homeopatske medicine je jedina [&#8230;]<\/p>\n<p><a class=\"btn btn-secondary understrap-read-more-link\" href=\"https:\/\/chmed.org.rs\/en\/\">Read More&#8230;<\/a><\/p>","protected":false},"author":1,"featured_media":0,"parent":0,"menu_order":0,"comment_status":"closed","ping_status":"closed","template":"","meta":{"_acf_changed":false,"_exactmetrics_skip_tracking":false,"_exactmetrics_sitenote_active":false,"_exactmetrics_sitenote_note":"","_exactmetrics_sitenote_category":0,"footnotes":""},"class_list":["post-6","page","type-page","status-publish","hentry"],"acf":[],"_links":{"self":[{"href":"https:\/\/chmed.org.rs\/en\/wp-json\/wp\/v2\/pages\/6","targetHints":{"allow":["GET"]}}],"collection":[{"href":"https:\/\/chmed.org.rs\/en\/wp-json\/wp\/v2\/pages"}],"about":[{"href":"https:\/\/chmed.org.rs\/en\/wp-json\/wp\/v2\/types\/page"}],"author":[{"embeddable":true,"href":"https:\/\/chmed.org.rs\/en\/wp-json\/wp\/v2\/users\/1"}],"replies":[{"embeddable":true,"href":"https:\/\/chmed.org.rs\/en\/wp-json\/wp\/v2\/comments?post=6"}],"version-history":[{"count":61,"href":"https:\/\/chmed.org.rs\/en\/wp-json\/wp\/v2\/pages\/6\/revisions"}],"predecessor-version":[{"id":819,"href":"https:\/\/chmed.org.rs\/en\/wp-json\/wp\/v2\/pages\/6\/revisions\/819"}],"wp:attachment":[{"href":"https:\/\/chmed.org.rs\/en\/wp-json\/wp\/v2\/media?parent=6"}],"curies":[{"name":"wp","href":"https:\/\/api.w.org\/{rel}","templated":true}]}}