{"id":433,"date":"2021-05-22T19:41:37","date_gmt":"2021-05-22T17:41:37","guid":{"rendered":"https:\/\/chmed.org.rs\/?page_id=433"},"modified":"2026-04-13T19:04:30","modified_gmt":"2026-04-13T17:04:30","slug":"besplatna-predavanja","status":"publish","type":"page","link":"https:\/\/chmed.org.rs\/en\/besplatna-predavanja\/","title":{"rendered":"Besplatna predavanja"},"content":{"rendered":"<p class=\"center-text text-center\"><img loading=\"lazy\" decoding=\"async\" class=\"alignnone size-medium wp-image-773\" src=\"https:\/\/chmed.org.rs\/wp-content\/uploads\/2025\/09\/slika-2-156x300.png\" alt=\"\" width=\"156\" height=\"300\" srcset=\"https:\/\/chmed.org.rs\/wp-content\/uploads\/2025\/09\/slika-2-156x300.png 156w, https:\/\/chmed.org.rs\/wp-content\/uploads\/2025\/09\/slika-2-532x1024.png 532w, https:\/\/chmed.org.rs\/wp-content\/uploads\/2025\/09\/slika-2-78x150.png 78w, https:\/\/chmed.org.rs\/wp-content\/uploads\/2025\/09\/slika-2-768x1479.png 768w, https:\/\/chmed.org.rs\/wp-content\/uploads\/2025\/09\/slika-2-798x1536.png 798w, https:\/\/chmed.org.rs\/wp-content\/uploads\/2025\/09\/slika-2-1064x2048.png 1064w, https:\/\/chmed.org.rs\/wp-content\/uploads\/2025\/09\/slika-2-6x12.png 6w, https:\/\/chmed.org.rs\/wp-content\/uploads\/2025\/09\/slika-2-300x578.png 300w, https:\/\/chmed.org.rs\/wp-content\/uploads\/2025\/09\/slika-2-600x1155.png 600w, https:\/\/chmed.org.rs\/wp-content\/uploads\/2025\/09\/slika-2-scaled.png 1330w\" sizes=\"auto, (max-width: 156px) 100vw, 156px\" \/><\/p>\n<h3><\/h3>\n<p><strong>Besplatna predavanja dr Lenke Ten\u017eera o aktuelnim nau\u010dno-teorijskim i prakti\u010dnim temama iz oblasti homeopatije i savremene medicine slo\u017eenih bilo\u0161kih sistema<\/strong><\/p>\n<p>Slede\u0107e besplatno online predavanje bi\u0107e odr\u017eano <strong>19.6.2026. u 19:00<\/strong> sa temom:<\/p>\n<p><strong><em>Nivoi zdravlja i terapija slo\u017eenih bolesti na primeru deteta sa reumatoidnim artritisom\u00a0<\/em><\/strong><\/p>\n<p>Ukoliko \u017eelite da vam po\u0161aljemo link za zoom pristup zakazanim besplatnim online predavanjima dr Lenka Ten\u017eera, potrebno je da po\u0161aljte svoje podatke:<\/p>\n<p>&#8211; ime i prezime<\/p>\n<p>&#8211; zvanje<\/p>\n<p>&#8211; email adresu<\/p>\n<p>na <a href=\"mailto:office@chmed.org.rs\">office@chmed.org.rs<\/a><\/p>\n<p>&nbsp;<\/p>\n<p>Sa\u017eetak predavanja zakazanog za 19.5.2026. u 19:00<\/p>\n<p>Nelinearnost, samoorganizacija i dinami\u010dnost slo\u017eenih biolo\u0161kih sistema ostavljaju prostora za slobodu odre\u0111enih regulatornih delova da deluju na na\u010dine koji nisu strogo predvidljivi. Naime, koegzistencija slu\u010dajnih pojava pored strogo deterministi\u010dkih i predvidljivih oduvek je bila prepoznata jer je postojanje nepredvidivih pojava jedan od razloga jo\u0161 uvek slabe efikasnosti medicine u le\u010denju slo\u017eenih hroni\u010dnih bolesti. Savremena farmakologija to poku\u0161ava da razre\u0161i atraktorskim domenima kao novim metama za dizajn lekova, dok se homeopatski ovaj problem re\u0161ava upotebom malih doza lekova slo\u017eenih struktura koji istovremeno deluju stimulativno na razli\u010dite ta\u010dke regulatornih sistema organizma.<\/p>\n<p>Me\u0111utim, pored lekova koji uti\u010du na regulatorne sisteme izazivaju\u0107i o\u010dekivani uticaj na simptome, va\u017eno je i adekvatno tuma\u010denje nestanka i\/ili promene simptoma tokom primene leka. Nestanak simptoma mo\u017ee biti deo i lekovite reakcije isto kao i reakcije koja ukazuje na produbljivanje patologije i komplikovanje bolesti. Energetski model alostatskog optere\u0107enja s jedne strane, kao i teorija o nivoima zdravlja s druge strane, mogu pomo\u0107i u tuma\u010denju promena simptoma nastalim nakon primene leka i pokazati da li je lekom pokrenuto le\u010denje i obnavaljanje zdravlja ili se zdravstveno stanje dodatno komlikuje, produbljuje i uslo\u017enjava.<\/p>\n<p><strong>Predavanje \u0107e lekarima-homeopatama omogu\u0107iti bolje razumevanje savremenog konteksta uticaja homeopatskih lekova kao i evaluacije promena tokom homeopatskog le\u010denja reumatoidnog artritisa, dok \u0107e lekarima koji nisu homeopate pribli\u017eiti homeopatsko postavljanje dijagnoze i holisti\u010dko klini\u010dko procenjivanje promena nakon primenjenog leka i u alopatskoj i u homeopatskoj medicini.<\/strong><\/p>\n<p>Na predavanju \u0107ete saznati:<\/p>\n<ul>\n<li>Koji su glavni termini u savremenoj medicini otvorenih, disipativnih slo\u017eenih biolo\u0161kih sistema<\/li>\n<li>Kako se pomo\u0107u Bulove mre\u017ee predstavlja dinamika slo\u017eenih sistema<\/li>\n<li>Koje su faze metodologije u otkrivanju lekova u farmakologiji<\/li>\n<li>\u0160ta predstavlja koncept atraktora u farmakologiji<\/li>\n<li>Koji je zna\u010daj mapiranja mre\u017ee genske regulacije, odnosno anotacije funkcija gena<\/li>\n<li>Koje su aktuelne metode ra\u010dunarskog izra\u010dunavanja stanja atraktora<\/li>\n<li>Kakav je odnos biolo\u0161kih mre\u017ea i spolja\u0161njih uticaja<\/li>\n<li>\u0160ta predstavljaju metode<em> poreme\u0107aja<\/em> za otkrivanje i dizajn novih lekova<\/li>\n<li>Kako neefikasno le\u010denje mo\u017ee izazvati komplikovanje patologije<\/li>\n<li>Kako procenjivati promene u zdravstvenom stanju nakon datog leka<\/li>\n<\/ul>\n<p>&nbsp;<\/p>\n<p>&nbsp;<\/p>\n<p>&nbsp;<\/p>\n<p>&nbsp;<\/p>\n<p><strong>Prvo besplatno online predavanje koje je odr\u017eano 9.9.2025. sa temom <em>Medicina slo\u017eenih biolo\u0161kih sistema \u2013 prevencija, le\u010denje, predikcija<\/em> mo\u017eete pogledati na <a href=\"https:\/\/chmed.org.rs\/wp-content\/uploads\/2025\/09\/Homeopatija-i-slozeni-bioloski-sistemi.pdf\">linku<\/a>.<\/strong><\/p>\n<p>Sa\u017eetak predavanja<\/p>\n<p>Napredak biomedicinskih istra\u017eivanja, s jedne strane, i evolucija klasi\u010dne homeopatije, s druge strane, dovode do sve ve\u0107eg stepena konvergencije dva sistema, koji se obi\u010dno smatraju alternativama. Nau\u010dna validnost terapijske metode ne zavisi samo od njene uspe\u0161nosti ve\u0107 i od \u010dinjenice da je klini\u010dki rezultat u skladu sa patofiziolo\u0161kom, biohemijskom i farmakolo\u0161kom teorijom ili obrazlo\u017eenjem. Strpljiva i metodi\u010dka istra\u017eivanja sprovedena na vi\u0161e nivoa \u2013 klini\u010dkom, laboratorijskom, epidemiolo\u0161kom i fizi\u010dkohemijskom<br \/>\n\u2013 polako rasvetljavaju mnoga do sada nere\u0161ena pitanja iz oblasti homeopatije. U budu\u0107nosti, prou\u010davanje nau\u010dnih osnova homeopatske medicine ima\u0107e zna\u010dajan uticaj i na sam svet homeopatije, koji je trenutno podeljen na razli\u010dite \u0161kole \u010desto u me\u0111usobnom sukobu. U nastojanju da se izgradi novi model koji obja\u0161njava delovanje homeopatskih lekova, uveden je koncept biolo\u0161ke slo\u017eenosti u oblast regulacije homeostatskih sistema. U ovom kontekstu \u201czakon sli\u010dnosti\u201d, koji je nesumnjivo kamen temeljac homeopatije, predstavljen je kao model zasnovan na analizi funkcionisanja homeostatskih biolo\u0161kih sistema i \u0107elijskih receptora.<\/p>\n<p>Lekari koji nisu homeopate mogu smatrati da je ovo predavanje korisno kao prvi korak ka<br \/>\nrazumevanju slo\u017eenog pitanja homeopatije, koja ovde nije predstavljena kao alternativa,<br \/>\nve\u0107 kroz perspektivu koja se u mnogim aspektima poklapa s na\u010delima savremene<br \/>\nbiomedicine.<\/p>\n<p>Na predavanju \u0107ete saznati:<br \/>\n&#8211; Kako od koncepta bolesti zavisi dijagnosti\u010dki i terapijski pristup<br \/>\n&#8211; Koje su glavne razlike izme\u0111u holisti\u010dkog pristupa u homeopatskoj medicini i redukcionisti\u010dkog pristupa u specijalisti\u010dkoj medicini<br \/>\n&#8211; Koji su novi fiziolo\u0161ki modeli pomo\u0107u kojih se obja\u0161njava uticaj homeopatskih lekova na kontrolne mehanizme u organizmu<\/p>\n<p>&nbsp;<\/p>\n<p>&nbsp;<\/p>","protected":false},"excerpt":{"rendered":"<p>Besplatna predavanja dr Lenke Ten\u017eera o aktuelnim nau\u010dno-teorijskim i prakti\u010dnim temama iz oblasti homeopatije i savremene medicine slo\u017eenih bilo\u0161kih sistema Slede\u0107e besplatno online predavanje bi\u0107e odr\u017eano 19.6.2026. u 19:00 sa temom: Nivoi zdravlja i terapija slo\u017eenih bolesti na primeru deteta sa reumatoidnim artritisom\u00a0 Ukoliko \u017eelite da vam po\u0161aljemo link za zoom pristup zakazanim besplatnim online [&#8230;]<\/p>\n<p><a class=\"btn btn-secondary understrap-read-more-link\" href=\"https:\/\/chmed.org.rs\/en\/besplatna-predavanja\/\">Read More&#8230;<\/a><\/p>","protected":false},"author":1,"featured_media":0,"parent":0,"menu_order":0,"comment_status":"closed","ping_status":"closed","template":"","meta":{"_acf_changed":false,"_exactmetrics_skip_tracking":false,"_exactmetrics_sitenote_active":false,"_exactmetrics_sitenote_note":"","_exactmetrics_sitenote_category":0,"footnotes":""},"class_list":["post-433","page","type-page","status-publish","hentry"],"acf":[],"_links":{"self":[{"href":"https:\/\/chmed.org.rs\/en\/wp-json\/wp\/v2\/pages\/433","targetHints":{"allow":["GET"]}}],"collection":[{"href":"https:\/\/chmed.org.rs\/en\/wp-json\/wp\/v2\/pages"}],"about":[{"href":"https:\/\/chmed.org.rs\/en\/wp-json\/wp\/v2\/types\/page"}],"author":[{"embeddable":true,"href":"https:\/\/chmed.org.rs\/en\/wp-json\/wp\/v2\/users\/1"}],"replies":[{"embeddable":true,"href":"https:\/\/chmed.org.rs\/en\/wp-json\/wp\/v2\/comments?post=433"}],"version-history":[{"count":18,"href":"https:\/\/chmed.org.rs\/en\/wp-json\/wp\/v2\/pages\/433\/revisions"}],"predecessor-version":[{"id":824,"href":"https:\/\/chmed.org.rs\/en\/wp-json\/wp\/v2\/pages\/433\/revisions\/824"}],"wp:attachment":[{"href":"https:\/\/chmed.org.rs\/en\/wp-json\/wp\/v2\/media?parent=433"}],"curies":[{"name":"wp","href":"https:\/\/api.w.org\/{rel}","templated":true}]}}