{"id":179,"date":"2019-05-28T14:46:51","date_gmt":"2019-05-28T12:46:51","guid":{"rendered":"https:\/\/chmed.org.rs\/?page_id=179"},"modified":"2026-04-13T16:08:51","modified_gmt":"2026-04-13T14:08:51","slug":"cena-edukacije","status":"publish","type":"page","link":"https:\/\/chmed.org.rs\/en\/cena-edukacije\/","title":{"rendered":"Cena edukacije"},"content":{"rendered":"<p>Kontinuirana medicinska edukacija iz klasi\u010dne homeopatije, odnosno iz holisti\u010dko-individualne medicine koju nudimo je jedina u na\u0161oj zemlji u kojoj je program organizovan po akademskim standardima i po ugledu na najbolje \u0161kole iz ove oblasti.<\/p>\n<h3>Lekari koji nemaju nijednu zavr\u0161enu \u0161kolu iz oblasti homeopatske medicine<\/h3>\n<p>Cena edukacije za prvu godinu trogodi\u0161njeg \u0161kolovanja je 167000,00 RSD. \u0160kolarina se mo\u017ee platiti u 3 rate : Prva rata pri potpisivanju ugovora o \u0161kolovanju u iznosu od 49000,00 RSD (44100,00 RSD ukoliko se uplati do 1.7.2026), druga rata pre po\u010detka prvog semestra u iznosu od 59000,00 RSD i tre\u0107a rata do 31.01.2027. u iznosu od 59000,00 RSD.<\/p>\n<p><strong>Polaznici nemaju dodatnih tro\u0161kova za organizaciju kolokvijuma i ispita.<\/strong><\/p>\n<h3>Lekari koji imaju diplomu \u0161kole iz oblasti homeopatske medicine<\/h3>\n<p>Lekarima koji su diplomirali homeopatsku medicinu, u zavisnosti od programa \u0161kole koju su poha\u0111ali, bi\u0107e omogu\u0107eno polaganje ispita po edukativnim oblastima kako bi slu\u0161ali samo onaj deo nastave koji nisu imali u prethodnom \u0161kolovanju. Oblast iz koje uspe\u0161no polo\u017ee ispit ne moraju slu\u0161ati. Na ovaj na\u010din njihova edukacija mo\u017ee biti kra\u0107a i jeftinija.<\/p>\n<p>&nbsp;<\/p>\n<p>&nbsp;<\/p>\n<p>&nbsp;<\/p>\n<p>&nbsp;<\/p>","protected":false},"excerpt":{"rendered":"<p>Kontinuirana medicinska edukacija iz klasi\u010dne homeopatije, odnosno iz holisti\u010dko-individualne medicine koju nudimo je jedina u na\u0161oj zemlji u kojoj je program organizovan po akademskim standardima i po ugledu na najbolje \u0161kole iz ove oblasti. Lekari koji nemaju nijednu zavr\u0161enu \u0161kolu iz oblasti homeopatske medicine Cena edukacije za prvu godinu trogodi\u0161njeg \u0161kolovanja je 167000,00 RSD. \u0160kolarina [&#8230;]<\/p>\n<p><a class=\"btn btn-secondary understrap-read-more-link\" href=\"https:\/\/chmed.org.rs\/en\/cena-edukacije\/\">Read More&#8230;<\/a><\/p>","protected":false},"author":2,"featured_media":0,"parent":0,"menu_order":0,"comment_status":"closed","ping_status":"closed","template":"","meta":{"_acf_changed":false,"_exactmetrics_skip_tracking":false,"_exactmetrics_sitenote_active":false,"_exactmetrics_sitenote_note":"","_exactmetrics_sitenote_category":0,"footnotes":""},"class_list":["post-179","page","type-page","status-publish","hentry"],"acf":[],"_links":{"self":[{"href":"https:\/\/chmed.org.rs\/en\/wp-json\/wp\/v2\/pages\/179","targetHints":{"allow":["GET"]}}],"collection":[{"href":"https:\/\/chmed.org.rs\/en\/wp-json\/wp\/v2\/pages"}],"about":[{"href":"https:\/\/chmed.org.rs\/en\/wp-json\/wp\/v2\/types\/page"}],"author":[{"embeddable":true,"href":"https:\/\/chmed.org.rs\/en\/wp-json\/wp\/v2\/users\/2"}],"replies":[{"embeddable":true,"href":"https:\/\/chmed.org.rs\/en\/wp-json\/wp\/v2\/comments?post=179"}],"version-history":[{"count":21,"href":"https:\/\/chmed.org.rs\/en\/wp-json\/wp\/v2\/pages\/179\/revisions"}],"predecessor-version":[{"id":821,"href":"https:\/\/chmed.org.rs\/en\/wp-json\/wp\/v2\/pages\/179\/revisions\/821"}],"wp:attachment":[{"href":"https:\/\/chmed.org.rs\/en\/wp-json\/wp\/v2\/media?parent=179"}],"curies":[{"name":"wp","href":"https:\/\/api.w.org\/{rel}","templated":true}]}}