{"id":15,"date":"2019-05-01T15:16:18","date_gmt":"2019-05-01T13:16:18","guid":{"rendered":"https:\/\/crhm.ordinacijaalona.com\/?page_id=15"},"modified":"2024-06-22T17:06:18","modified_gmt":"2024-06-22T15:06:18","slug":"specijalizacija-iz-opste-i-klinicke-homeopatije","status":"publish","type":"page","link":"https:\/\/chmed.org.rs\/en\/specijalizacija-iz-opste-i-klinicke-homeopatije\/","title":{"rendered":"Iskustva prve generacije"},"content":{"rendered":"<p>&#8222;Sa homeopatijom sam se susrela pre 24 godine upisav\u0161i se u homeopatsku \u0161kolu u Novom Sadu organizovanu u okviru Engleske Internacionalne \u0161kole u trajanju od 3 godine. Ne\u0161to potpuno novo, druga\u010dije i veoma smisleno me je\u00a0 zainteresovalo. Osobito sam bila veoma nezadovoljna kao lekar, na\u010dinom le\u010denja i mnogobrojnim nedostacima lekova koje sam i sama iskusila. Nastavila sam sa edukacijom koju je organizovala jedna belgijska, zatim nema\u010dka homeopatska \u0161kola \u017eele\u0107i da \u0161to vi\u0161e razumem ovaj novi pristup le\u010denju. Uporedo sam u svom radu primenjivala homeopatiju kao metodu le\u010denja. Pred mojim o\u010dima ljudi su po\u010dinjali istinski da se ose\u0107aju bolje na svim nivoima. Tegobe su nestajale a pacijenti su vra\u0107ali osmeh na lice. Bili su zadovoljni i dovodili su svoju decu, prijatelje, ro\u0111ake&#8230;.<\/p>\n<p>Me\u0111utim, ja nisam bila zadovoljna. Ose\u0107ala sam da mo\u017ee bolje i br\u017ee i nedostajalo mi je potpuno \u00a0razumevanje metode koju primenjujem, nedostajala mi je sigurnost i sistemati\u010dnost. Nisam se ose\u0107ala dobro. Ne\u0161to je nedostajalo u mom radu.<\/p>\n<p>Slu\u010dajno (ako slu\u010dajnosti postoje) na internetu mi je &#8222;isko\u010dio&#8220; konkurs za upis edukacije koju organizuje Centar za razvoj homeopatske medicine . Pro\u010ditala sam program i razgovarala sa dr Lenkom Ten\u017eera. Na\u0161la sam ono \u0161to mi je nedostajalo: sistemati\u010dnost, jasno\u0107u, egzaktnost i kona\u010dno duboko razumevanje su\u0161tinskog funkcionisanja ljudskog bi\u0107a; razumevanje nastanka bolesti i njeno pra\u0107enje u procesu le\u010denja na sasvim druga\u010diji na\u010din koji mnogo vi\u0161e ima smisla.<\/p>\n<p>A tek smo po\u010deli da ulazimo u jedan ogroman energetski ure\u0111en svet sa svojim zakonitostima, ogromnim mogu\u0107nostima, \u010dudima o\u010dekivanim i neo\u010dekivanim&#8230; Svaki pacijent je nov i neponovljiv izazov za mene i znanje koje sti\u010dem u Centru za razvoj homeopatske medicine daje mi jasno\u0107u i sigurnost u radu za kojom sam tragala.<\/p>\n<p>Dobrobit za pacijenta mora biti na prvom mestu. Va\u017eno je sve raditi iz ljubavi, ali je neophodno i razumeti homeopatiju kako biste se ose\u0107eli sigurno u radu. Ova edukacija mi je pru\u017eila upravo to &#8211; da razumem ono \u0161to radim.&#8220; Dr Milica M.<\/p>\n<p>&nbsp;<\/p>\n<p>&nbsp;<\/p>\n<p>&#8222;Kada pro\u0111ete jednu \u0161kolu homeopatije, zahvalni ste \u0161to vam je otvorila nove vidike i nau\u010dila vas kako da holisti\u010dki posmatrate sebe i svoje zdravlje i kako na prirodan na\u010din mo\u017eete izle\u010diti mnoge tegobe. Me\u0111utim tek kada se u efikasnost ove metode le\u010denja uverite na sebi i svojoj okolini, shvatite koliko je specijalisti\u010dki pristup ograni\u010den.<\/p>\n<p>Edukacija u ovoj \u0161koli otvara nova poglavlja neverovatno jednostavnih, op\u0161tih, prirodnih zakona koji uti\u010du na na\u0161e zdravlje. Nakon ovih saznanja, \u010dovek se zapita da li je primenom lekova za odre\u0111ene tegobe nakon \u010dega su se javile nove tegobe i bolesti, pokrenuto ozdravljenje ili je, na\u017ealost, lek popravio neke tegobe, ali je istovremeno omogu\u0107io razvoj novih, te\u017eih, dubljih poreme\u0107aja.<\/p>\n<p>Znanja o prirodnim zakonitostima pokretanja procesa koji vode ozdravljenju ili procesa koji vode ka bolesti su dragocena ba\u0161 svim zdravstvenim radnicima. Teorija holisti\u010dko individualne medicine prezentuje prirodne zakone koji se koriste u homeopatiji kao metodi le\u010denja. Ovako usvojeno znanje je od velikog zna\u010daja lekarima i daje im alat za procenu u kom pravcu idu lekom pokrenute reakcije u telu.<\/p>\n<p>Ovaj prvi, op\u0161ti nivo otvara novo polje informacija koje je korisno da usvoji svaki lekar. Edukacija je organizovana po akademskim standardima sa predava\u010dima koji su profesori medicinskih fakulteta i doktori nauka, kao i iskusni lekari homeopate. Sve u svemu, jedno dragoceno iskustvo.&#8220; Farmaceut Sana M.<\/p>\n<p>&nbsp;<\/p>\n<p>&#8222;Trebalo mi je dosta vremena\u00a0 da bi se slegli utisci o \u0161koli homeopatije, kao i Lenki kao predava\u010du, lekaru i osobi. Bilo je u po\u010detku \u010du\u0111enja, neverovanja, sumnji oko nekih predavanja jer ja sam ipak lekar specijalisti\u010dke medicine, pa\u00a0 sam i tako\u00a0 razmi\u0161ljala i le\u010dila moje pacijente. Bilo je pitanja u stilu: &#8222;\u0160ta \u0107e mi predavanja iz filozofije?&#8220;, a na kraju, nisam propustila ni jedno. Preko nedelje bih potonula u svakodnevnicu i zaboravila na homeopatiju, a subotom bih prisustvovala svakom predavanju da bih \u010dula jo\u0161 ne\u0161to o homeopatskom pristupu pacijentu&#8230; i na kraju otvorila o\u010di i um, tj shvatila. Po\u010dela sam druga\u010dije, odnosno holisti\u010dki da sagledavam bolesnog \u010doveka i sve to zahvaljuju\u0107i dr Lenki.\u00a0 Iz tog razloga \u017eelim da ova \u0161kola \u017eivi dalje, kako bi lekari imali \u0161ansu da\u00a0 nau\u010de\u00a0 da sagledavaju bolesnog \u010doveka sveobuhvatno, homeopatski, jer je to jedini put ka izle\u010denju. A, Vama draga Lenka \u017eelim od srca sve najbolje.&#8220; Dr Slavica \u010c.<\/p>\n<div><\/div>\n<div><\/div>\n<div><\/div>\n<div><\/div>\n<div>\n<div>\n<p>\u201eJedno slu\u010dajno odslu\u0161ano predavanje na medicinskoj platformi o holisti\u010dkom le\u010denju, dovelo me do \u0161kole homeopatije Dr Lenke Ten\u017eera. Kroz \u0161kolu spoznajem savr\u0161enost ljudskog orgaizma i funkcionisanje u skladu sa prirodnim zakonitostima. Ova \u0161kola otvara za mene novo vi\u0111enje \u201eputa izle\u010denja\u201c otkriveno jo\u0161 u 18. veku genijalno\u0161\u0107u nema\u010dkog lekara Hanemana.\u201c <span style=\"font-size: 1rem;\">Dr Nela M.<\/span><\/p>\n<\/div>\n<\/div>\n<div><\/div>\n<div><\/div>\n<div><\/div>\n<div>\n<div>\n<p>\u201eCentar za razvoj homeopatije je idealno mesto da pro\u0161irite svoje znanje o zdravlju, njegovom o\u010duvanju i le\u010denju u slu\u010daju bolesti, u svakom\u00a0 smislu (fizi\u010dkom, psihi\u010dkom i emotivnom).\u00a0 Posle samo jednog semestra moji utisci su jako pozitivni. Zanimljiva materija i odli\u010dni predava\u010di koji svojim znanjem, entuzijazmom i otvoreno\u0161\u0107u za saradnju prenose ste\u010deno znanje.<\/p>\n<div>Iskreno se radujem novim saznanjima iz oblasti homeopatije!\u201c <span style=\"font-size: 1rem;\">Dr Senka J.N.<\/span><\/div>\n<\/div>\n<p>&nbsp;<\/p>\n<\/div>\n<div>\n<div><\/div>\n<div><\/div>\n<div><\/div>\n<div><\/div>\n<div><\/div>\n<p>&nbsp;<\/p>\n<\/div>\n<div><\/div>\n<p>&nbsp;<\/p>\n<p>&nbsp;<\/p>","protected":false},"excerpt":{"rendered":"<p>&#8222;Sa homeopatijom sam se susrela pre 24 godine upisav\u0161i se u homeopatsku \u0161kolu u Novom Sadu organizovanu u okviru Engleske Internacionalne \u0161kole u trajanju od 3 godine. Ne\u0161to potpuno novo, druga\u010dije i veoma smisleno me je\u00a0 zainteresovalo. Osobito sam bila veoma nezadovoljna kao lekar, na\u010dinom le\u010denja i mnogobrojnim nedostacima lekova koje sam i sama iskusila. [&#8230;]<\/p>\n<p><a class=\"btn btn-secondary understrap-read-more-link\" href=\"https:\/\/chmed.org.rs\/en\/specijalizacija-iz-opste-i-klinicke-homeopatije\/\">Read More&#8230;<\/a><\/p>","protected":false},"author":1,"featured_media":0,"parent":0,"menu_order":0,"comment_status":"closed","ping_status":"closed","template":"","meta":{"_acf_changed":false,"_exactmetrics_skip_tracking":false,"_exactmetrics_sitenote_active":false,"_exactmetrics_sitenote_note":"","_exactmetrics_sitenote_category":0,"footnotes":""},"class_list":["post-15","page","type-page","status-publish","hentry"],"acf":[],"_links":{"self":[{"href":"https:\/\/chmed.org.rs\/en\/wp-json\/wp\/v2\/pages\/15","targetHints":{"allow":["GET"]}}],"collection":[{"href":"https:\/\/chmed.org.rs\/en\/wp-json\/wp\/v2\/pages"}],"about":[{"href":"https:\/\/chmed.org.rs\/en\/wp-json\/wp\/v2\/types\/page"}],"author":[{"embeddable":true,"href":"https:\/\/chmed.org.rs\/en\/wp-json\/wp\/v2\/users\/1"}],"replies":[{"embeddable":true,"href":"https:\/\/chmed.org.rs\/en\/wp-json\/wp\/v2\/comments?post=15"}],"version-history":[{"count":39,"href":"https:\/\/chmed.org.rs\/en\/wp-json\/wp\/v2\/pages\/15\/revisions"}],"predecessor-version":[{"id":679,"href":"https:\/\/chmed.org.rs\/en\/wp-json\/wp\/v2\/pages\/15\/revisions\/679"}],"wp:attachment":[{"href":"https:\/\/chmed.org.rs\/en\/wp-json\/wp\/v2\/media?parent=15"}],"curies":[{"name":"wp","href":"https:\/\/api.w.org\/{rel}","templated":true}]}}