{"id":12,"date":"2019-05-01T15:13:18","date_gmt":"2019-05-01T13:13:18","guid":{"rendered":"https:\/\/crhm.ordinacijaalona.com\/?page_id=12"},"modified":"2026-04-13T15:32:34","modified_gmt":"2026-04-13T13:32:34","slug":"prijava","status":"publish","type":"page","link":"https:\/\/chmed.org.rs\/en\/prijava\/","title":{"rendered":"Prijava"},"content":{"rendered":"<p style=\"text-align: center;\"><strong>STUDENTI KOJI IZVR\u0160E UPLATU PRVE RATE DO 1.7.2026. DOBIJAJU 10% POPUSTA NA IZNOS PRVE RATE<\/strong><\/p>\r\n<p><strong>Prijavljivanje &#8211; upis je u toku.<\/strong><\/p>\r\n<p>Pre nego \u0161to pristupite prijavljivanju obavezno pro\u010ditajte <a href=\"https:\/\/chmed.org.rs\/wp-content\/uploads\/2023\/03\/Pravilnik-\u043e-organizaciji-i-realizaciji-kontinuirane-medicinske-edukacije-iz-oblasti-HIMa.pdf\">Pravilnik o organizaciji i realizaciji kontinuirane medicinske edukacije iz oblasti klasi\u010dne homeopatije, odnosno holisti\u010dko-individualne medicine<\/a>, <a href=\"https:\/\/chmed.org.rs\/wp-content\/uploads\/2023\/10\/Program-edukacije-za-studente.pdf\">Program edukacije<\/a> i <a href=\"https:\/\/chmed.org.rs\/wp-content\/uploads\/2023\/10\/Uslovljenost-polaganja-ispita.pdf\">Uslovljenost polaganja ispita<\/a>.<\/p>\r\n<p>Za upis je potrebno:<\/p>\r\n<ol>\r\n<li>Popuniti i poslati prijavu. Nakon toga dobi\u0107ete na e-mail koji ste naveli u prijavi, predra\u010dun o uplati prve rate ili cele \u0161kolarine.\u00a0<\/li>\r\n<li>Skinuti sa sajta <a href=\"https:\/\/chmed.org.rs\/wp-content\/uploads\/2025\/12\/Ugovor-o-finansiranju-studenata-202627.pdf\">Ugovor o finansiranju studenta kontinuirane medicinske edukacije iz oblasti klasi\u010dne homeopatije, odnosno holisti\u010dko-individualne medicine<\/a>,<strong> od\u0161tampati ga u dva primerka, potpisati oba primerka i poslati ih na adresu<\/strong>: Centar za razvoj homeopatske medicine, Obili\u0107ev venac 10\/8, 11000 Beograd <strong>sa prilo\u017eenom uplatnicom kojom potvr\u0111ujete<\/strong> da ste uplatili prvu ratu \u0161kolarine u iznostu od 49000,00 rsd (ili ceo iznos \u0161kolarine za prvu godinu edukacije u iznosu od\u00a0 167000,00 rsd na ra\u010dun: Banka Intesa 160-524841-57; svrha &#8211; uplata prve rate KME za 2026\/27 godinu ili uplata celog iznosa edukacije za 2026\/27 godinu); primalac Centar za razvoj homeopatske medicine, Obili\u0107ev venac 10\/8, 11000 Beograd.\u00a0<\/li>\r\n<li>Pre no \u0161to po\u0161aljete potpisane ugovore i uplatnicu, potrebno je da ih skenirate i po\u0161aljete na e-mail <strong>edukacija@chmed.org.rs\u00a0<\/strong><\/li>\r\n<li>Nakon evidentiranja uplate, odgovorno lice Centra za razvoj homeopatske medicine, potpisa\u0107e Ugovor.\u00a0 Skenirani potpisani primerak dobi\u0107ete na e-mail naveden u prijavi i original potpisani primerak dobi\u0107ete na adresu navedenu u prijavi.\u00a0<\/li>\r\n<\/ol>\r\n<p>Za sva dodatna pitanja mo\u017eete pozvati broj 069 1445583 svakog radnog dana od 9:00 &#8211; 10:00 sati.\u00a0<\/p>\r\n<p>&nbsp;<\/p>\r\n\n<div class=\"wpcf7 no-js\" id=\"wpcf7-f352-o1\" lang=\"sr-RS\" dir=\"ltr\" data-wpcf7-id=\"352\">\n<div class=\"screen-reader-response\"><p role=\"status\" aria-live=\"polite\" aria-atomic=\"true\"><\/p> <ul><\/ul><\/div>\n<form action=\"\/en\/wp-json\/wp\/v2\/pages\/12#wpcf7-f352-o1\" method=\"post\" class=\"wpcf7-form init\" aria-label=\"Contact form\" novalidate=\"novalidate\" data-status=\"init\" data-trp-original-action=\"\/en\/wp-json\/wp\/v2\/pages\/12#wpcf7-f352-o1\">\n<div style=\"display: none;\">\n<input type=\"hidden\" name=\"_wpcf7\" value=\"352\" \/>\n<input type=\"hidden\" name=\"_wpcf7_version\" value=\"6.0.6\" \/>\n<input type=\"hidden\" name=\"_wpcf7_locale\" value=\"sr_RS\" \/>\n<input type=\"hidden\" name=\"_wpcf7_unit_tag\" value=\"wpcf7-f352-o1\" \/>\n<input type=\"hidden\" name=\"_wpcf7_container_post\" value=\"0\" \/>\n<input type=\"hidden\" name=\"_wpcf7_posted_data_hash\" value=\"\" \/>\n<input type=\"hidden\" name=\"_wpcf7cf_hidden_group_fields\" value=\"[]\" \/>\n<input type=\"hidden\" name=\"_wpcf7cf_hidden_groups\" value=\"[]\" \/>\n<input type=\"hidden\" name=\"_wpcf7cf_visible_groups\" value=\"[]\" \/>\n<input type=\"hidden\" name=\"_wpcf7cf_repeaters\" value=\"[]\" \/>\n<input type=\"hidden\" name=\"_wpcf7cf_steps\" value=\"{}\" \/>\n<input type=\"hidden\" name=\"_wpcf7cf_options\" value=\"{&quot;form_id&quot;:352,&quot;conditions&quot;:[{&quot;then_field&quot;:&quot;-1&quot;,&quot;and_rules&quot;:[{&quot;if_field&quot;:&quot;-1&quot;,&quot;operator&quot;:&quot;equals&quot;,&quot;if_value&quot;:&quot;Apsolvent medicinskog fakulteta&quot;}]},{&quot;then_field&quot;:&quot;-1&quot;,&quot;and_rules&quot;:[{&quot;if_field&quot;:&quot;-1&quot;,&quot;operator&quot;:&quot;equals&quot;,&quot;if_value&quot;:&quot;Lekar - nezaposlen&quot;}]},{&quot;then_field&quot;:&quot;-1&quot;,&quot;and_rules&quot;:[{&quot;if_field&quot;:&quot;-1&quot;,&quot;operator&quot;:&quot;equals&quot;,&quot;if_value&quot;:&quot;Lekar - zaposlen&quot;}]},{&quot;then_field&quot;:&quot;-1&quot;,&quot;and_rules&quot;:[{&quot;if_field&quot;:&quot;-1&quot;,&quot;operator&quot;:&quot;not equals&quot;,&quot;if_value&quot;:&quot;&quot;}]}],&quot;settings&quot;:{&quot;animation&quot;:&quot;yes&quot;,&quot;animation_intime&quot;:200,&quot;animation_outtime&quot;:200,&quot;conditions_ui&quot;:&quot;normal&quot;,&quot;notice_dismissed&quot;:false}}\" \/>\n<input type=\"hidden\" name=\"_wpcf7_recaptcha_response\" value=\"\" \/>\n<\/div>\n<div class=\"row\">\n\t<div class=\"col-md-4\">\n\t\t<p><label>Ime (obavezno)<span class=\"wpcf7-form-control-wrap\" data-name=\"first-name\"><input size=\"40\" maxlength=\"400\" class=\"wpcf7-form-control wpcf7-text wpcf7-validates-as-required\" aria-required=\"true\" aria-invalid=\"false\" value=\"\" type=\"text\" name=\"first-name\" \/><\/span> <\/label>\n\t\t<\/p>\n\t<\/div>\n\t<div class=\"col-md-4\">\n\t\t<p><label>Ime roditelja (obavezno)<span class=\"wpcf7-form-control-wrap\" data-name=\"parent-first-name\"><input size=\"40\" maxlength=\"400\" class=\"wpcf7-form-control wpcf7-text wpcf7-validates-as-required\" aria-required=\"true\" aria-invalid=\"false\" value=\"\" type=\"text\" name=\"parent-first-name\" \/><\/span> <\/label>\n\t\t<\/p>\n\t<\/div>\n\t<div class=\"col-md-4\">\n\t\t<p><label>Prezime (obavezno)<span class=\"wpcf7-form-control-wrap\" data-name=\"lastname\"><input size=\"40\" maxlength=\"400\" class=\"wpcf7-form-control wpcf7-text wpcf7-validates-as-required\" aria-required=\"true\" aria-invalid=\"false\" value=\"\" type=\"text\" name=\"lastname\" \/><\/span> <\/label>\n\t\t<\/p>\n\t<\/div>\n<\/div>\n<div class=\"row\">\n\t<div class=\"col-md-4\">\n\t\t<p><label>Telefon (obavezno)<span class=\"wpcf7-form-control-wrap\" data-name=\"telephone\"><input size=\"40\" maxlength=\"400\" class=\"wpcf7-form-control wpcf7-tel wpcf7-validates-as-required wpcf7-text wpcf7-validates-as-tel\" aria-required=\"true\" aria-invalid=\"false\" value=\"\" type=\"tel\" name=\"telephone\" \/><\/span> <\/label>\n\t\t<\/p>\n\t<\/div>\n\t<div class=\"col-md-4\">\n\t\t<p><label>Email (obavezno)<span class=\"wpcf7-form-control-wrap\" data-name=\"your-email\"><input size=\"40\" maxlength=\"400\" class=\"wpcf7-form-control wpcf7-email wpcf7-validates-as-required wpcf7-text wpcf7-validates-as-email\" aria-required=\"true\" aria-invalid=\"false\" value=\"\" type=\"email\" name=\"your-email\" \/><\/span> <\/label>\n\t\t<\/p>\n\t<\/div>\n<\/div>\n<div class=\"form-group py-4\">\n\t<div class=\"row\">\n\t\t<div class=\"col-md-12\">\n\t\t\t<p><label>Ulica i broj (obavezno)<span class=\"wpcf7-form-control-wrap\" data-name=\"ulica\"><input size=\"40\" maxlength=\"400\" class=\"wpcf7-form-control wpcf7-text wpcf7-validates-as-required\" aria-required=\"true\" aria-invalid=\"false\" value=\"\" type=\"text\" name=\"ulica\" \/><\/span><\/label>\n\t\t\t<\/p>\n\t\t<\/div>\n\t\t<div class=\"col-md-6\">\n\t\t\t<p><label>Mesto (obavezno)<span class=\"wpcf7-form-control-wrap\" data-name=\"mesto\"><input size=\"40\" maxlength=\"400\" class=\"wpcf7-form-control wpcf7-text wpcf7-validates-as-required\" aria-required=\"true\" aria-invalid=\"false\" value=\"\" type=\"text\" name=\"mesto\" \/><\/span><\/label>\n\t\t\t<\/p>\n\t\t<\/div>\n\t\t<div class=\"col-md-6\">\n\t\t\t<p><label>Dr\u017eava (obavezno)<span class=\"wpcf7-form-control-wrap\" data-name=\"drzava\"><input size=\"40\" maxlength=\"400\" class=\"wpcf7-form-control wpcf7-text wpcf7-validates-as-required\" aria-required=\"true\" aria-invalid=\"false\" value=\"\" type=\"text\" name=\"drzava\" \/><\/span><\/label>\n\t\t\t<\/p>\n\t\t<\/div>\n\t<\/div>\n<\/div>\n<div class=\"row\">\n\t<div class=\"col-md-12\">\n\t\t<p><label>Posebna interesovanja<span class=\"wpcf7-form-control-wrap\" data-name=\"interesovanja\"><textarea cols=\"40\" rows=\"10\" maxlength=\"2000\" class=\"wpcf7-form-control wpcf7-textarea\" aria-invalid=\"false\" name=\"interesovanja\"><\/textarea><\/span><\/label><br \/>\n<label>Nau\u010dni radovi<span class=\"wpcf7-form-control-wrap\" data-name=\"radovi\"><textarea cols=\"40\" rows=\"10\" maxlength=\"2000\" class=\"wpcf7-form-control wpcf7-textarea\" aria-invalid=\"false\" name=\"radovi\"><\/textarea><\/span><\/label>\n\t\t<\/p>\n\t<\/div>\n<\/div>\n<p><input class=\"wpcf7-form-control wpcf7-submit has-spinner\" type=\"submit\" value=\"Po\u0161alji prijavu\" \/>\n<\/p><div class=\"wpcf7-response-output\" aria-hidden=\"true\"><\/div>\n<input type=\"hidden\" name=\"trp-form-language\" value=\"en\"\/><\/form>\n<\/div>","protected":false},"excerpt":{"rendered":"<p>STUDENTI KOJI IZVR\u0160E UPLATU PRVE RATE DO 1.7.2026. DOBIJAJU 10% POPUSTA NA IZNOS PRVE RATE Prijavljivanje &#8211; upis je u toku. Pre nego \u0161to pristupite prijavljivanju obavezno pro\u010ditajte Pravilnik o organizaciji i realizaciji kontinuirane medicinske edukacije iz oblasti klasi\u010dne homeopatije, odnosno holisti\u010dko-individualne medicine, Program edukacije i Uslovljenost polaganja ispita. Za upis je potrebno: Popuniti i [&#8230;]<\/p>\n<p><a class=\"btn btn-secondary understrap-read-more-link\" href=\"https:\/\/chmed.org.rs\/en\/prijava\/\">Read More&#8230;<\/a><\/p>","protected":false},"author":1,"featured_media":0,"parent":0,"menu_order":0,"comment_status":"closed","ping_status":"closed","template":"","meta":{"_acf_changed":false,"_exactmetrics_skip_tracking":false,"_exactmetrics_sitenote_active":false,"_exactmetrics_sitenote_note":"","_exactmetrics_sitenote_category":0,"footnotes":""},"class_list":["post-12","page","type-page","status-publish","hentry"],"acf":[],"_links":{"self":[{"href":"https:\/\/chmed.org.rs\/en\/wp-json\/wp\/v2\/pages\/12","targetHints":{"allow":["GET"]}}],"collection":[{"href":"https:\/\/chmed.org.rs\/en\/wp-json\/wp\/v2\/pages"}],"about":[{"href":"https:\/\/chmed.org.rs\/en\/wp-json\/wp\/v2\/types\/page"}],"author":[{"embeddable":true,"href":"https:\/\/chmed.org.rs\/en\/wp-json\/wp\/v2\/users\/1"}],"replies":[{"embeddable":true,"href":"https:\/\/chmed.org.rs\/en\/wp-json\/wp\/v2\/comments?post=12"}],"version-history":[{"count":31,"href":"https:\/\/chmed.org.rs\/en\/wp-json\/wp\/v2\/pages\/12\/revisions"}],"predecessor-version":[{"id":818,"href":"https:\/\/chmed.org.rs\/en\/wp-json\/wp\/v2\/pages\/12\/revisions\/818"}],"wp:attachment":[{"href":"https:\/\/chmed.org.rs\/en\/wp-json\/wp\/v2\/media?parent=12"}],"curies":[{"name":"wp","href":"https:\/\/api.w.org\/{rel}","templated":true}]}}